{"id":67,"date":"2022-04-14T03:34:30","date_gmt":"2022-04-14T01:34:30","guid":{"rendered":"https:\/\/raportzintegrowany2021.grupakety.com\/en\/?page_id=67"},"modified":"2022-06-13T17:54:32","modified_gmt":"2022-06-13T15:54:32","slug":"wyniki-w-podziale-na-segmenty","status":"publish","type":"page","link":"https:\/\/raportzintegrowany2021.grupakety.com\/en\/grupa-w-2021-r\/dzialalnosc-w-ramach-segmentow-biznesowych\/wyniki-w-podziale-na-segmenty\/","title":{"rendered":"Results of the Segments"},"content":{"rendered":"","protected":false},"excerpt":{"rendered":"","protected":false},"author":1,"featured_media":0,"parent":61,"menu_order":0,"comment_status":"closed","ping_status":"closed","template":"templates\/template-subpage.php","meta":{"footnotes":""},"dictionary":[],"class_list":["post-67","page","type-page","status-publish","hentry"],"acf":[],"yoast_head":"<!-- This site is optimized with the Yoast SEO plugin v19.0 - https:\/\/yoast.com\/wordpress\/plugins\/seo\/ -->\n<title>Results of the Segments - Integrated Report Grupa K\u0119ty 2021<\/title>\n<meta name=\"robots\" content=\"index, follow, max-snippet:-1, max-image-preview:large, max-video-preview:-1\" \/>\n<link rel=\"canonical\" href=\"https:\/\/raportzintegrowany2021.grupakety.com\/en\/grupa-w-2021-r\/dzialalnosc-w-ramach-segmentow-biznesowych\/wyniki-w-podziale-na-segmenty\/\" \/>\n<meta property=\"og:locale\" content=\"pl_PL\" \/>\n<meta property=\"og:type\" content=\"article\" \/>\n<meta property=\"og:title\" content=\"Results of the Segments - Integrated Report Grupa K\u0119ty 2021\" \/>\n<meta property=\"og:url\" content=\"https:\/\/raportzintegrowany2021.grupakety.com\/en\/grupa-w-2021-r\/dzialalnosc-w-ramach-segmentow-biznesowych\/wyniki-w-podziale-na-segmenty\/\" \/>\n<meta property=\"og:site_name\" content=\"Integrated Report Grupa K\u0119ty 2021\" \/>\n<meta property=\"article:modified_time\" content=\"2022-06-13T15:54:32+00:00\" \/>\n<meta name=\"twitter:card\" content=\"summary_large_image\" \/>\n<script type=\"application\/ld+json\" class=\"yoast-schema-graph\">{\"@context\":\"https:\/\/schema.org\",\"@graph\":[{\"@type\":\"WebSite\",\"@id\":\"https:\/\/raportzintegrowany2021.grupakety.com\/en\/#website\",\"url\":\"https:\/\/raportzintegrowany2021.grupakety.com\/en\/\",\"name\":\"Integrated Report Grupa K\u0119ty 2021\",\"description\":\"Wyniki finansowe za 2021 rok, po raz kolejny rekordowe, potwierdzi\u0142y siln\u0105 pozycj\u0119 Grupy Kapita\u0142owej Grupy K\u0119ty S.A. To efekt wielu czynnik\u00f3w, w tym trafnych decyzji inwestycyjnych, dywersyfikacji dostawc\u00f3w i szybko\u015bci dzia\u0142ania w warunkach zmiennego otoczenia.\",\"potentialAction\":[{\"@type\":\"SearchAction\",\"target\":{\"@type\":\"EntryPoint\",\"urlTemplate\":\"https:\/\/raportzintegrowany2021.grupakety.com\/en\/?s={search_term_string}\"},\"query-input\":\"required name=search_term_string\"}],\"inLanguage\":\"pl-PL\"},{\"@type\":\"WebPage\",\"@id\":\"https:\/\/raportzintegrowany2021.grupakety.com\/en\/grupa-w-2021-r\/dzialalnosc-w-ramach-segmentow-biznesowych\/wyniki-w-podziale-na-segmenty\/#webpage\",\"url\":\"https:\/\/raportzintegrowany2021.grupakety.com\/en\/grupa-w-2021-r\/dzialalnosc-w-ramach-segmentow-biznesowych\/wyniki-w-podziale-na-segmenty\/\",\"name\":\"Results of the Segments - Integrated Report Grupa K\u0119ty 2021\",\"isPartOf\":{\"@id\":\"https:\/\/raportzintegrowany2021.grupakety.com\/en\/#website\"},\"datePublished\":\"2022-04-14T01:34:30+00:00\",\"dateModified\":\"2022-06-13T15:54:32+00:00\",\"breadcrumb\":{\"@id\":\"https:\/\/raportzintegrowany2021.grupakety.com\/en\/grupa-w-2021-r\/dzialalnosc-w-ramach-segmentow-biznesowych\/wyniki-w-podziale-na-segmenty\/#breadcrumb\"},\"inLanguage\":\"pl-PL\",\"potentialAction\":[{\"@type\":\"ReadAction\",\"target\":[\"https:\/\/raportzintegrowany2021.grupakety.com\/en\/grupa-w-2021-r\/dzialalnosc-w-ramach-segmentow-biznesowych\/wyniki-w-podziale-na-segmenty\/\"]}]},{\"@type\":\"BreadcrumbList\",\"@id\":\"https:\/\/raportzintegrowany2021.grupakety.com\/en\/grupa-w-2021-r\/dzialalnosc-w-ramach-segmentow-biznesowych\/wyniki-w-podziale-na-segmenty\/#breadcrumb\",\"itemListElement\":[{\"@type\":\"ListItem\",\"position\":1,\"name\":\"Strona g\u0142\u00f3wna\",\"item\":\"https:\/\/raportzintegrowany2021.grupakety.com\/en\/\"},{\"@type\":\"ListItem\",\"position\":2,\"name\":\"Group in 2021\",\"item\":\"https:\/\/raportzintegrowany2021.grupakety.com\/en\/grupa-w-2021-r\/\"},{\"@type\":\"ListItem\",\"position\":3,\"name\":\"Business segments\",\"item\":\"https:\/\/raportzintegrowany2021.grupakety.com\/en\/grupa-w-2021-r\/dzialalnosc-w-ramach-segmentow-biznesowych\/\"},{\"@type\":\"ListItem\",\"position\":4,\"name\":\"Results of the Segments\"}]}]}<\/script>\n<!-- \/ Yoast SEO plugin. -->","yoast_head_json":{"title":"Results of the Segments - Integrated Report Grupa K\u0119ty 2021","robots":{"index":"index","follow":"follow","max-snippet":"max-snippet:-1","max-image-preview":"max-image-preview:large","max-video-preview":"max-video-preview:-1"},"canonical":"https:\/\/raportzintegrowany2021.grupakety.com\/en\/grupa-w-2021-r\/dzialalnosc-w-ramach-segmentow-biznesowych\/wyniki-w-podziale-na-segmenty\/","og_locale":"pl_PL","og_type":"article","og_title":"Results of the Segments - Integrated Report Grupa K\u0119ty 2021","og_url":"https:\/\/raportzintegrowany2021.grupakety.com\/en\/grupa-w-2021-r\/dzialalnosc-w-ramach-segmentow-biznesowych\/wyniki-w-podziale-na-segmenty\/","og_site_name":"Integrated Report Grupa K\u0119ty 2021","article_modified_time":"2022-06-13T15:54:32+00:00","twitter_card":"summary_large_image","schema":{"@context":"https:\/\/schema.org","@graph":[{"@type":"WebSite","@id":"https:\/\/raportzintegrowany2021.grupakety.com\/en\/#website","url":"https:\/\/raportzintegrowany2021.grupakety.com\/en\/","name":"Integrated Report Grupa K\u0119ty 2021","description":"Wyniki finansowe za 2021 rok, po raz kolejny rekordowe, potwierdzi\u0142y siln\u0105 pozycj\u0119 Grupy Kapita\u0142owej Grupy K\u0119ty S.A. To efekt wielu czynnik\u00f3w, w tym trafnych decyzji inwestycyjnych, dywersyfikacji dostawc\u00f3w i szybko\u015bci dzia\u0142ania w warunkach zmiennego otoczenia.","potentialAction":[{"@type":"SearchAction","target":{"@type":"EntryPoint","urlTemplate":"https:\/\/raportzintegrowany2021.grupakety.com\/en\/?s={search_term_string}"},"query-input":"required name=search_term_string"}],"inLanguage":"pl-PL"},{"@type":"WebPage","@id":"https:\/\/raportzintegrowany2021.grupakety.com\/en\/grupa-w-2021-r\/dzialalnosc-w-ramach-segmentow-biznesowych\/wyniki-w-podziale-na-segmenty\/#webpage","url":"https:\/\/raportzintegrowany2021.grupakety.com\/en\/grupa-w-2021-r\/dzialalnosc-w-ramach-segmentow-biznesowych\/wyniki-w-podziale-na-segmenty\/","name":"Results of the Segments - Integrated Report Grupa K\u0119ty 2021","isPartOf":{"@id":"https:\/\/raportzintegrowany2021.grupakety.com\/en\/#website"},"datePublished":"2022-04-14T01:34:30+00:00","dateModified":"2022-06-13T15:54:32+00:00","breadcrumb":{"@id":"https:\/\/raportzintegrowany2021.grupakety.com\/en\/grupa-w-2021-r\/dzialalnosc-w-ramach-segmentow-biznesowych\/wyniki-w-podziale-na-segmenty\/#breadcrumb"},"inLanguage":"pl-PL","potentialAction":[{"@type":"ReadAction","target":["https:\/\/raportzintegrowany2021.grupakety.com\/en\/grupa-w-2021-r\/dzialalnosc-w-ramach-segmentow-biznesowych\/wyniki-w-podziale-na-segmenty\/"]}]},{"@type":"BreadcrumbList","@id":"https:\/\/raportzintegrowany2021.grupakety.com\/en\/grupa-w-2021-r\/dzialalnosc-w-ramach-segmentow-biznesowych\/wyniki-w-podziale-na-segmenty\/#breadcrumb","itemListElement":[{"@type":"ListItem","position":1,"name":"Strona g\u0142\u00f3wna","item":"https:\/\/raportzintegrowany2021.grupakety.com\/en\/"},{"@type":"ListItem","position":2,"name":"Group in 2021","item":"https:\/\/raportzintegrowany2021.grupakety.com\/en\/grupa-w-2021-r\/"},{"@type":"ListItem","position":3,"name":"Business segments","item":"https:\/\/raportzintegrowany2021.grupakety.com\/en\/grupa-w-2021-r\/dzialalnosc-w-ramach-segmentow-biznesowych\/"},{"@type":"ListItem","position":4,"name":"Results of the Segments"}]}]}},"_links":{"self":[{"href":"https:\/\/raportzintegrowany2021.grupakety.com\/en\/wp-json\/wp\/v2\/pages\/67","targetHints":{"allow":["GET"]}}],"collection":[{"href":"https:\/\/raportzintegrowany2021.grupakety.com\/en\/wp-json\/wp\/v2\/pages"}],"about":[{"href":"https:\/\/raportzintegrowany2021.grupakety.com\/en\/wp-json\/wp\/v2\/types\/page"}],"author":[{"embeddable":true,"href":"https:\/\/raportzintegrowany2021.grupakety.com\/en\/wp-json\/wp\/v2\/users\/1"}],"replies":[{"embeddable":true,"href":"https:\/\/raportzintegrowany2021.grupakety.com\/en\/wp-json\/wp\/v2\/comments?post=67"}],"version-history":[{"count":11,"href":"https:\/\/raportzintegrowany2021.grupakety.com\/en\/wp-json\/wp\/v2\/pages\/67\/revisions"}],"predecessor-version":[{"id":2950,"href":"https:\/\/raportzintegrowany2021.grupakety.com\/en\/wp-json\/wp\/v2\/pages\/67\/revisions\/2950"}],"up":[{"embeddable":true,"href":"https:\/\/raportzintegrowany2021.grupakety.com\/en\/wp-json\/wp\/v2\/pages\/61"}],"wp:attachment":[{"href":"https:\/\/raportzintegrowany2021.grupakety.com\/en\/wp-json\/wp\/v2\/media?parent=67"}],"wp:term":[{"taxonomy":"dictionary","embeddable":true,"href":"https:\/\/raportzintegrowany2021.grupakety.com\/en\/wp-json\/wp\/v2\/dictionary?post=67"}],"curies":[{"name":"wp","href":"https:\/\/api.w.org\/{rel}","templated":true}]}}