{"id":1785,"date":"2022-05-05T07:17:20","date_gmt":"2022-05-05T05:17:20","guid":{"rendered":"https:\/\/raportzintegrowany2021.grupakety.com\/en\/?page_id=1785"},"modified":"2022-05-27T15:12:57","modified_gmt":"2022-05-27T13:12:57","slug":"projekty-inwestycyjne-oraz-badawczo-rozwojowe","status":"publish","type":"page","link":"https:\/\/raportzintegrowany2021.grupakety.com\/en\/grupa-w-2021-r\/projekty-inwestycyjne-oraz-badawczo-rozwojowe\/","title":{"rendered":"Investment and R&amp;D projects"},"content":{"rendered":"","protected":false},"excerpt":{"rendered":"","protected":false},"author":1,"featured_media":0,"parent":53,"menu_order":0,"comment_status":"closed","ping_status":"closed","template":"templates\/template-subpage.php","meta":{"footnotes":""},"dictionary":[],"class_list":["post-1785","page","type-page","status-publish","hentry"],"acf":[],"yoast_head":"<!-- This site is optimized with the Yoast SEO plugin v19.0 - https:\/\/yoast.com\/wordpress\/plugins\/seo\/ -->\n<title>Investment and R&amp;D projects - Integrated Report Grupa K\u0119ty 2021<\/title>\n<meta name=\"robots\" content=\"index, follow, max-snippet:-1, max-image-preview:large, max-video-preview:-1\" \/>\n<link rel=\"canonical\" href=\"https:\/\/raportzintegrowany2021.grupakety.com\/en\/grupa-w-2021-r\/projekty-inwestycyjne-oraz-badawczo-rozwojowe\/\" \/>\n<meta property=\"og:locale\" content=\"pl_PL\" \/>\n<meta property=\"og:type\" content=\"article\" \/>\n<meta property=\"og:title\" content=\"Investment and R&amp;D projects - Integrated Report Grupa K\u0119ty 2021\" \/>\n<meta property=\"og:url\" content=\"https:\/\/raportzintegrowany2021.grupakety.com\/en\/grupa-w-2021-r\/projekty-inwestycyjne-oraz-badawczo-rozwojowe\/\" \/>\n<meta property=\"og:site_name\" content=\"Integrated Report Grupa K\u0119ty 2021\" \/>\n<meta property=\"article:modified_time\" content=\"2022-05-27T13:12:57+00:00\" \/>\n<meta name=\"twitter:card\" content=\"summary_large_image\" \/>\n<script type=\"application\/ld+json\" class=\"yoast-schema-graph\">{\"@context\":\"https:\/\/schema.org\",\"@graph\":[{\"@type\":\"WebSite\",\"@id\":\"https:\/\/raportzintegrowany2021.grupakety.com\/en\/#website\",\"url\":\"https:\/\/raportzintegrowany2021.grupakety.com\/en\/\",\"name\":\"Integrated Report Grupa K\u0119ty 2021\",\"description\":\"Wyniki finansowe za 2021 rok, po raz kolejny rekordowe, potwierdzi\u0142y siln\u0105 pozycj\u0119 Grupy Kapita\u0142owej Grupy K\u0119ty S.A. To efekt wielu czynnik\u00f3w, w tym trafnych decyzji inwestycyjnych, dywersyfikacji dostawc\u00f3w i szybko\u015bci dzia\u0142ania w warunkach zmiennego otoczenia.\",\"potentialAction\":[{\"@type\":\"SearchAction\",\"target\":{\"@type\":\"EntryPoint\",\"urlTemplate\":\"https:\/\/raportzintegrowany2021.grupakety.com\/en\/?s={search_term_string}\"},\"query-input\":\"required name=search_term_string\"}],\"inLanguage\":\"pl-PL\"},{\"@type\":\"WebPage\",\"@id\":\"https:\/\/raportzintegrowany2021.grupakety.com\/en\/grupa-w-2021-r\/projekty-inwestycyjne-oraz-badawczo-rozwojowe\/#webpage\",\"url\":\"https:\/\/raportzintegrowany2021.grupakety.com\/en\/grupa-w-2021-r\/projekty-inwestycyjne-oraz-badawczo-rozwojowe\/\",\"name\":\"Investment and R&amp;D projects - Integrated Report Grupa K\u0119ty 2021\",\"isPartOf\":{\"@id\":\"https:\/\/raportzintegrowany2021.grupakety.com\/en\/#website\"},\"datePublished\":\"2022-05-05T05:17:20+00:00\",\"dateModified\":\"2022-05-27T13:12:57+00:00\",\"breadcrumb\":{\"@id\":\"https:\/\/raportzintegrowany2021.grupakety.com\/en\/grupa-w-2021-r\/projekty-inwestycyjne-oraz-badawczo-rozwojowe\/#breadcrumb\"},\"inLanguage\":\"pl-PL\",\"potentialAction\":[{\"@type\":\"ReadAction\",\"target\":[\"https:\/\/raportzintegrowany2021.grupakety.com\/en\/grupa-w-2021-r\/projekty-inwestycyjne-oraz-badawczo-rozwojowe\/\"]}]},{\"@type\":\"BreadcrumbList\",\"@id\":\"https:\/\/raportzintegrowany2021.grupakety.com\/en\/grupa-w-2021-r\/projekty-inwestycyjne-oraz-badawczo-rozwojowe\/#breadcrumb\",\"itemListElement\":[{\"@type\":\"ListItem\",\"position\":1,\"name\":\"Strona g\u0142\u00f3wna\",\"item\":\"https:\/\/raportzintegrowany2021.grupakety.com\/en\/\"},{\"@type\":\"ListItem\",\"position\":2,\"name\":\"Group in 2021\",\"item\":\"https:\/\/raportzintegrowany2021.grupakety.com\/en\/grupa-w-2021-r\/\"},{\"@type\":\"ListItem\",\"position\":3,\"name\":\"Investment and R&amp;D projects\"}]}]}<\/script>\n<!-- \/ Yoast SEO plugin. -->","yoast_head_json":{"title":"Investment and R&amp;D projects - Integrated Report Grupa K\u0119ty 2021","robots":{"index":"index","follow":"follow","max-snippet":"max-snippet:-1","max-image-preview":"max-image-preview:large","max-video-preview":"max-video-preview:-1"},"canonical":"https:\/\/raportzintegrowany2021.grupakety.com\/en\/grupa-w-2021-r\/projekty-inwestycyjne-oraz-badawczo-rozwojowe\/","og_locale":"pl_PL","og_type":"article","og_title":"Investment and R&amp;D projects - Integrated Report Grupa K\u0119ty 2021","og_url":"https:\/\/raportzintegrowany2021.grupakety.com\/en\/grupa-w-2021-r\/projekty-inwestycyjne-oraz-badawczo-rozwojowe\/","og_site_name":"Integrated Report Grupa K\u0119ty 2021","article_modified_time":"2022-05-27T13:12:57+00:00","twitter_card":"summary_large_image","schema":{"@context":"https:\/\/schema.org","@graph":[{"@type":"WebSite","@id":"https:\/\/raportzintegrowany2021.grupakety.com\/en\/#website","url":"https:\/\/raportzintegrowany2021.grupakety.com\/en\/","name":"Integrated Report Grupa K\u0119ty 2021","description":"Wyniki finansowe za 2021 rok, po raz kolejny rekordowe, potwierdzi\u0142y siln\u0105 pozycj\u0119 Grupy Kapita\u0142owej Grupy K\u0119ty S.A. To efekt wielu czynnik\u00f3w, w tym trafnych decyzji inwestycyjnych, dywersyfikacji dostawc\u00f3w i szybko\u015bci dzia\u0142ania w warunkach zmiennego otoczenia.","potentialAction":[{"@type":"SearchAction","target":{"@type":"EntryPoint","urlTemplate":"https:\/\/raportzintegrowany2021.grupakety.com\/en\/?s={search_term_string}"},"query-input":"required name=search_term_string"}],"inLanguage":"pl-PL"},{"@type":"WebPage","@id":"https:\/\/raportzintegrowany2021.grupakety.com\/en\/grupa-w-2021-r\/projekty-inwestycyjne-oraz-badawczo-rozwojowe\/#webpage","url":"https:\/\/raportzintegrowany2021.grupakety.com\/en\/grupa-w-2021-r\/projekty-inwestycyjne-oraz-badawczo-rozwojowe\/","name":"Investment and R&amp;D projects - Integrated Report Grupa K\u0119ty 2021","isPartOf":{"@id":"https:\/\/raportzintegrowany2021.grupakety.com\/en\/#website"},"datePublished":"2022-05-05T05:17:20+00:00","dateModified":"2022-05-27T13:12:57+00:00","breadcrumb":{"@id":"https:\/\/raportzintegrowany2021.grupakety.com\/en\/grupa-w-2021-r\/projekty-inwestycyjne-oraz-badawczo-rozwojowe\/#breadcrumb"},"inLanguage":"pl-PL","potentialAction":[{"@type":"ReadAction","target":["https:\/\/raportzintegrowany2021.grupakety.com\/en\/grupa-w-2021-r\/projekty-inwestycyjne-oraz-badawczo-rozwojowe\/"]}]},{"@type":"BreadcrumbList","@id":"https:\/\/raportzintegrowany2021.grupakety.com\/en\/grupa-w-2021-r\/projekty-inwestycyjne-oraz-badawczo-rozwojowe\/#breadcrumb","itemListElement":[{"@type":"ListItem","position":1,"name":"Strona g\u0142\u00f3wna","item":"https:\/\/raportzintegrowany2021.grupakety.com\/en\/"},{"@type":"ListItem","position":2,"name":"Group in 2021","item":"https:\/\/raportzintegrowany2021.grupakety.com\/en\/grupa-w-2021-r\/"},{"@type":"ListItem","position":3,"name":"Investment and R&amp;D projects"}]}]}},"_links":{"self":[{"href":"https:\/\/raportzintegrowany2021.grupakety.com\/en\/wp-json\/wp\/v2\/pages\/1785","targetHints":{"allow":["GET"]}}],"collection":[{"href":"https:\/\/raportzintegrowany2021.grupakety.com\/en\/wp-json\/wp\/v2\/pages"}],"about":[{"href":"https:\/\/raportzintegrowany2021.grupakety.com\/en\/wp-json\/wp\/v2\/types\/page"}],"author":[{"embeddable":true,"href":"https:\/\/raportzintegrowany2021.grupakety.com\/en\/wp-json\/wp\/v2\/users\/1"}],"replies":[{"embeddable":true,"href":"https:\/\/raportzintegrowany2021.grupakety.com\/en\/wp-json\/wp\/v2\/comments?post=1785"}],"version-history":[{"count":17,"href":"https:\/\/raportzintegrowany2021.grupakety.com\/en\/wp-json\/wp\/v2\/pages\/1785\/revisions"}],"predecessor-version":[{"id":2628,"href":"https:\/\/raportzintegrowany2021.grupakety.com\/en\/wp-json\/wp\/v2\/pages\/1785\/revisions\/2628"}],"up":[{"embeddable":true,"href":"https:\/\/raportzintegrowany2021.grupakety.com\/en\/wp-json\/wp\/v2\/pages\/53"}],"wp:attachment":[{"href":"https:\/\/raportzintegrowany2021.grupakety.com\/en\/wp-json\/wp\/v2\/media?parent=1785"}],"wp:term":[{"taxonomy":"dictionary","embeddable":true,"href":"https:\/\/raportzintegrowany2021.grupakety.com\/en\/wp-json\/wp\/v2\/dictionary?post=1785"}],"curies":[{"name":"wp","href":"https:\/\/api.w.org\/{rel}","templated":true}]}}